{"id":147,"date":"2016-08-03T17:08:34","date_gmt":"2016-08-03T15:08:34","guid":{"rendered":"http:\/\/fgmtecnology.com\/wp\/es\/?page_id=147"},"modified":"2017-03-27T17:53:13","modified_gmt":"2017-03-27T15:53:13","slug":"technology","status":"publish","type":"page","link":"https:\/\/fgmtecnology.com\/wp\/es\/technology\/","title":{"rendered":"Tacnolog\u00eda"},"content":{"rendered":"<p>Todos los productos FgmTecnology, es planeado y construidos con las tecnolog\u00edas de \u00faltima generaci\u00f3n.<br \/>\n<a href=\"http:\/\/fgmtecnology.com\/wp\/wp-content\/uploads\/2016\/08\/tech1.jpg\"><img loading=\"lazy\" class=\"alignleft wp-image-182\" src=\"http:\/\/fgmtecnology.com\/wp\/wp-content\/uploads\/2016\/08\/tech1-300x201.jpg\" alt=\"Technology\" width=\"269\" height=\"180\" \/><\/a> <a href=\"http:\/\/fgmtecnology.com\/wp\/wp-content\/uploads\/2016\/08\/tech2.jpg\"><img loading=\"lazy\" class=\"alignleft wp-image-183\" src=\"http:\/\/fgmtecnology.com\/wp\/wp-content\/uploads\/2016\/08\/tech2-300x211.jpg\" alt=\"Technology\" width=\"256\" height=\"180\" \/><\/a> <a href=\"http:\/\/fgmtecnology.com\/wp\/wp-content\/uploads\/2016\/08\/tech3.jpg\"><img loading=\"lazy\" class=\"alignleft wp-image-184\" src=\"http:\/\/fgmtecnology.com\/wp\/wp-content\/uploads\/2016\/08\/tech3-300x201.jpg\" alt=\"Technology\" width=\"268\" height=\"180\" \/><\/a> <a href=\"http:\/\/fgmtecnology.com\/wp\/wp-content\/uploads\/2016\/08\/tech4.jpg\"><img loading=\"lazy\" class=\"alignleft wp-image-185\" src=\"http:\/\/fgmtecnology.com\/wp\/wp-content\/uploads\/2016\/08\/tech4-300x225.jpg\" alt=\"Technology\" width=\"240\" height=\"180\" \/><\/a><\/p>\n","protected":false},"excerpt":{"rendered":"<p>Todos los productos FgmTecnology, es planeado y construidos con las tecnolog\u00edas de \u00faltima generaci\u00f3n.<\/p>\n","protected":false},"author":1,"featured_media":0,"parent":0,"menu_order":0,"comment_status":"closed","ping_status":"closed","template":"","meta":[],"_links":{"self":[{"href":"https:\/\/fgmtecnology.com\/wp\/es\/wp-json\/wp\/v2\/pages\/147"}],"collection":[{"href":"https:\/\/fgmtecnology.com\/wp\/es\/wp-json\/wp\/v2\/pages"}],"about":[{"href":"https:\/\/fgmtecnology.com\/wp\/es\/wp-json\/wp\/v2\/types\/page"}],"author":[{"embeddable":true,"href":"https:\/\/fgmtecnology.com\/wp\/es\/wp-json\/wp\/v2\/users\/1"}],"replies":[{"embeddable":true,"href":"https:\/\/fgmtecnology.com\/wp\/es\/wp-json\/wp\/v2\/comments?post=147"}],"version-history":[{"count":4,"href":"https:\/\/fgmtecnology.com\/wp\/es\/wp-json\/wp\/v2\/pages\/147\/revisions"}],"predecessor-version":[{"id":160,"href":"https:\/\/fgmtecnology.com\/wp\/es\/wp-json\/wp\/v2\/pages\/147\/revisions\/160"}],"wp:attachment":[{"href":"https:\/\/fgmtecnology.com\/wp\/es\/wp-json\/wp\/v2\/media?parent=147"}],"curies":[{"name":"wp","href":"https:\/\/api.w.org\/{rel}","templated":true}]}}